{"id":780,"date":"2025-02-16T20:38:58","date_gmt":"2025-02-16T20:38:58","guid":{"rendered":"https:\/\/psalmoterapia.pl\/?page_id=780"},"modified":"2025-03-04T19:26:09","modified_gmt":"2025-03-04T19:26:09","slug":"365-dni-w-rytmie-psalmow","status":"publish","type":"page","link":"https:\/\/psalmoterapia.pl\/index.php\/365-dni-w-rytmie-psalmow\/","title":{"rendered":"365 dni w rytmie psalm\u00f3w"},"content":{"rendered":"\t\t<div data-elementor-type=\"wp-page\" data-elementor-id=\"780\" class=\"elementor elementor-780\">\n\t\t\t\t<div class=\"aux-parallax-section elementor-element elementor-element-41e1ae7 e-flex e-con-boxed e-con e-parent\" data-id=\"41e1ae7\" data-element_type=\"container\" data-settings=\"{&quot;background_background&quot;:&quot;gradient&quot;}\">\n\t\t\t\t\t<div class=\"e-con-inner\">\n\t\t<div class=\"elementor-element elementor-element-35bc0bd e-con-full e-flex e-con e-child\" data-id=\"35bc0bd\" data-element_type=\"container\">\n\t\t\t\t<div class=\"elementor-element elementor-element-2eed3ed elementor-widget__width-initial e-transform e-transform elementor-widget elementor-widget-image\" data-id=\"2eed3ed\" data-element_type=\"widget\" data-settings=\"{&quot;_transform_translateX_effect&quot;:{&quot;unit&quot;:&quot;%&quot;,&quot;size&quot;:-15.5,&quot;sizes&quot;:[]},&quot;_transform_translateX_effect_tablet&quot;:{&quot;unit&quot;:&quot;%&quot;,&quot;size&quot;:&quot;&quot;,&quot;sizes&quot;:[]},&quot;_transform_translateX_effect_mobile&quot;:{&quot;unit&quot;:&quot;%&quot;,&quot;size&quot;:&quot;&quot;,&quot;sizes&quot;:[]},&quot;_transform_scale_effect&quot;:{&quot;unit&quot;:&quot;px&quot;,&quot;size&quot;:1.2,&quot;sizes&quot;:[]},&quot;_transform_translateY_effect&quot;:{&quot;unit&quot;:&quot;px&quot;,&quot;size&quot;:&quot;&quot;,&quot;sizes&quot;:[]},&quot;_transform_translateY_effect_tablet&quot;:{&quot;unit&quot;:&quot;px&quot;,&quot;size&quot;:&quot;&quot;,&quot;sizes&quot;:[]},&quot;_transform_translateY_effect_mobile&quot;:{&quot;unit&quot;:&quot;px&quot;,&quot;size&quot;:&quot;&quot;,&quot;sizes&quot;:[]},&quot;_transform_scale_effect_tablet&quot;:{&quot;unit&quot;:&quot;px&quot;,&quot;size&quot;:&quot;&quot;,&quot;sizes&quot;:[]},&quot;_transform_scale_effect_mobile&quot;:{&quot;unit&quot;:&quot;px&quot;,&quot;size&quot;:&quot;&quot;,&quot;sizes&quot;:[]}}\" data-widget_type=\"image.default\">\n\t\t\t\t<div class=\"elementor-widget-container\">\n\t\t\t\t\t\t\t\t\t\t\t\t\t\t\t<img fetchpriority=\"high\" decoding=\"async\" width=\"772\" height=\"643\" src=\"https:\/\/psalmoterapia.pl\/wp-content\/uploads\/2025\/03\/zdjecie_header.png\" class=\"attachment-full size-full wp-image-2103\" alt=\"\" \/>\t\t\t\t\t\t\t\t\t\t\t\t\t\t\t<\/div>\n\t\t\t\t<\/div>\n\t\t\t\t<\/div>\n\t\t<div class=\"elementor-element elementor-element-ea63e58 e-con-full e-flex e-con e-child\" data-id=\"ea63e58\" data-element_type=\"container\">\n\t\t\t\t<div class=\"elementor-element elementor-element-15e967b elementor-widget elementor-widget-aux_image\" data-id=\"15e967b\" data-element_type=\"widget\" data-widget_type=\"aux_image.default\">\n\t\t\t\t<div class=\"elementor-widget-container\">\n\t\t\t\t\t<section class=\"widget-container aux-widget-image aux-alignnone aux-parent-au2cc05a99\">\n    <div class=\"aux-media-hint-frame \">\n        <div class=\"aux-media-image \" >\n        \n            \n\n            \n            <img decoding=\"async\" width=\"459\" height=\"276\" src=\"https:\/\/psalmoterapia.pl\/wp-content\/uploads\/2025\/03\/sekcja_swiadectwa_grafika.png\" class=\"aux-attachment aux-featured-image aux-attachment-id-2107\" alt=\"sekcja_swiadectwa_grafika\" srcset=\"https:\/\/psalmoterapia.pl\/wp-content\/uploads\/2025\/03\/sekcja_swiadectwa_grafika-150x150.png 150w,https:\/\/psalmoterapia.pl\/wp-content\/uploads\/2025\/03\/sekcja_swiadectwa_grafika-300x276.png 300w,https:\/\/psalmoterapia.pl\/wp-content\/uploads\/2025\/03\/sekcja_swiadectwa_grafika.png 459w\" data-ratio=\"1\" data-original-w=\"459\" sizes=\"(max-width:479px) 480px,(max-width:767px) 768px,(max-width:1023px) 1024px,459px\" \/>            \n                <\/div>\n    <\/div>\n\n<\/section><!-- widget-container -->\t\t\t\t<\/div>\n\t\t\t\t<\/div>\n\t\t\t\t<div class=\"elementor-element elementor-element-e70ff1c elementor-widget elementor-widget-aux_modern_heading\" data-id=\"e70ff1c\" data-element_type=\"widget\" data-widget_type=\"aux_modern_heading.default\">\n\t\t\t\t<div class=\"elementor-widget-container\">\n\t\t\t\t\t<section class=\"aux-widget-modern-heading\">\n            <div class=\"aux-widget-inner\"><h2 class=\"aux-modern-heading-primary\">365 dni\n<br> w rytmie psalm\u00f3w<\/h2><div class=\"aux-modern-heading-divider\"><\/div><div class=\"aux-modern-heading-description\"><h5>To codzienny pomocnik duchowy z fragmentem psalmu na ka\u017cdy dzie\u0144, z&nbsp;rozwa\u017caniem, a tak\u017ce miejscem na w\u0142asne refleksje czy post\u0119py duchowe. Wszystko ozdobione grafik\u0105, kt\u00f3ra powsta\u0142a specjalnie do tego wydania.<\/h5><\/div><\/div>\n        <\/section>\t\t\t\t<\/div>\n\t\t\t\t<\/div>\n\t\t\t\t<div class=\"elementor-element elementor-element-e66bbfc elementor-widget__width-initial elementor-widget elementor-widget-aux_modern_button\" data-id=\"e66bbfc\" data-element_type=\"widget\" data-widget_type=\"aux_modern_button.default\">\n\t\t\t\t<div class=\"elementor-widget-container\">\n\t\t\t\t\t    <div class=\"aux-modern-button-wrapper aux-modern-button-align-center\" >\n                    <a class=\"aux-modern-button aux-black aux-modern-button-md aux-modern-button-curve aux-modern-button-default aux-icon-right\" href=\"#o-ksiazce\" target=\"_blank\">\n                <div class=\"aux-overlay\"><\/div>\n                                    <div class=\"aux-icon \">\n                        <i aria-hidden=\"true\" class=\"auxicon2 auxicon2-arrow-chevron-fat-down\"><\/i>                    <\/div>\n                                <div class=\"aux-text\">\n<span class=\"aux-text-before\">Dowiedz si\u0119 wi\u0119cej o ksi\u0105\u017cce<\/span>                <\/div>\n            <\/a>\n            \n    <\/div>\n\n    \t\t\t\t<\/div>\n\t\t\t\t<\/div>\n\t\t\t\t<\/div>\n\t\t\t\t\t<\/div>\n\t\t\t\t<\/div>\n\t\t<div class=\"aux-parallax-section elementor-element elementor-element-da534d3 e-flex e-con-boxed e-con e-parent\" data-id=\"da534d3\" data-element_type=\"container\" data-settings=\"{&quot;background_background&quot;:&quot;classic&quot;}\">\n\t\t\t\t\t<div class=\"e-con-inner\">\n\t\t<div class=\"elementor-element elementor-element-6fc3bd8 e-con-full e-flex e-con e-child\" data-id=\"6fc3bd8\" data-element_type=\"container\">\n\t\t\t\t<div class=\"elementor-element elementor-element-99ac3e0 elementor-widget elementor-widget-menu-anchor\" data-id=\"99ac3e0\" data-element_type=\"widget\" data-widget_type=\"menu-anchor.default\">\n\t\t\t\t<div class=\"elementor-widget-container\">\n\t\t\t\t\t\t\t<div class=\"elementor-menu-anchor\" id=\"o-ksiazce\"><\/div>\n\t\t\t\t\t\t<\/div>\n\t\t\t\t<\/div>\n\t\t\t\t<div class=\"elementor-element elementor-element-f01205c animated-slow e-transform elementor-invisible elementor-widget elementor-widget-image\" data-id=\"f01205c\" data-element_type=\"widget\" data-settings=\"{&quot;_animation&quot;:&quot;rotateInDownLeft&quot;,&quot;_animation_delay&quot;:0,&quot;_transform_rotateZ_effect&quot;:{&quot;unit&quot;:&quot;px&quot;,&quot;size&quot;:-5,&quot;sizes&quot;:[]},&quot;_transform_rotateZ_effect_tablet&quot;:{&quot;unit&quot;:&quot;deg&quot;,&quot;size&quot;:&quot;&quot;,&quot;sizes&quot;:[]},&quot;_transform_rotateZ_effect_mobile&quot;:{&quot;unit&quot;:&quot;deg&quot;,&quot;size&quot;:&quot;&quot;,&quot;sizes&quot;:[]}}\" data-widget_type=\"image.default\">\n\t\t\t\t<div class=\"elementor-widget-container\">\n\t\t\t\t\t\t\t\t\t\t\t\t\t\t\t<img decoding=\"async\" width=\"1024\" height=\"1024\" src=\"https:\/\/psalmoterapia.pl\/wp-content\/uploads\/2025\/03\/365_3D_Lezaca-2048x1636-3-1024x1024.png\" class=\"attachment-large size-large wp-image-2130\" alt=\"\" srcset=\"https:\/\/psalmoterapia.pl\/wp-content\/uploads\/2025\/03\/365_3D_Lezaca-2048x1636-3-1024x1024.png 1024w, https:\/\/psalmoterapia.pl\/wp-content\/uploads\/2025\/03\/365_3D_Lezaca-2048x1636-3-300x300.png 300w, https:\/\/psalmoterapia.pl\/wp-content\/uploads\/2025\/03\/365_3D_Lezaca-2048x1636-3-150x150.png 150w, https:\/\/psalmoterapia.pl\/wp-content\/uploads\/2025\/03\/365_3D_Lezaca-2048x1636-3-768x768.png 768w\" sizes=\"(max-width: 1024px) 100vw, 1024px\" \/>\t\t\t\t\t\t\t\t\t\t\t\t\t\t\t<\/div>\n\t\t\t\t<\/div>\n\t\t\t\t<\/div>\n\t\t<div class=\"elementor-element elementor-element-4db6ba5 e-con-full e-flex e-con e-child\" data-id=\"4db6ba5\" data-element_type=\"container\">\n\t\t\t\t<div class=\"elementor-element elementor-element-364f5d5 elementor-widget elementor-widget-heading\" data-id=\"364f5d5\" data-element_type=\"widget\" data-widget_type=\"heading.default\">\n\t\t\t\t<div class=\"elementor-widget-container\">\n\t\t\t\t\t<h1 class=\"elementor-heading-title elementor-size-default\">365 dni w rytmie psalm\u00f3w<\/h1>\t\t\t\t<\/div>\n\t\t\t\t<\/div>\n\t\t\t\t<div class=\"elementor-element elementor-element-3a7a6f2 elementor-widget__width-initial elementor-widget elementor-widget-text-editor\" data-id=\"3a7a6f2\" data-element_type=\"widget\" data-widget_type=\"text-editor.default\">\n\t\t\t\t<div class=\"elementor-widget-container\">\n\t\t\t\t\t\t\t\t\t<p><strong>Ca\u0142y rok z psalmami<\/strong><\/p><p>Czy ma\u0142a ksi\u0105\u017ceczka mo\u017ce da\u0107 ogromne poczucie szcz\u0119\u015bcia w wierze? Ta publikacja pokazuje, \u017ce tak! To codzienny pomocnik duchowy z fragmentem psalmu na ka\u017cdy dzie\u0144, z rozwa\u017caniem, a tak\u017ce miejscem na w\u0142asne refleksje czy post\u0119py duchowe. Wszystko ozdobione grafik\u0105, kt\u00f3ra powsta\u0142a specjalnie do tego wydania.<\/p><p><strong>Bogate do\u015bwiadczenie duchowe<\/strong><\/p><p>Rozwa\u017cania stworzyli siostra Anna Maria Pude\u0142ko AP i brat Piotr Kwiatek OFMCap, kt\u00f3rzy dziel\u0105 si\u0119 z czytelnikami swoim bogatym do\u015bwiadczeniem duchowym, a tak\u017ce daj\u0105 wsparcie, wzmocnienie wiary, nadziei i mi\u0142o\u015bci. Ich s\u0142owa pomagaj\u0105 odzyska\u0107 pewno\u015b\u0107, \u017ce jeste\u015b kochany przez Boga, wyj\u0105tkowy, \u017ce Twoje \u017cycie jest dobre i ma sens.<\/p><p><strong>Pomys\u0142 na prezent<\/strong><\/p><p>Ta ksi\u0105\u017ceczka to doskona\u0142y prezent, kt\u00f3ry mo\u017cesz sprawi\u0107 sobie, a tak\u017ce podarowa\u0107 go innym. Jej dodatkowy atut to por\u0119czny format, dzi\u0119ki kt\u00f3remu bez trudu zabierzesz j\u0105 wsz\u0119dzie, gdzie tylko chcesz.<\/p>\t\t\t\t\t\t\t\t<\/div>\n\t\t\t\t<\/div>\n\t\t\t\t<div class=\"elementor-element elementor-element-ce61bf7 elementor-widget elementor-widget-button\" data-id=\"ce61bf7\" data-element_type=\"widget\" data-widget_type=\"button.default\">\n\t\t\t\t<div class=\"elementor-widget-container\">\n\t\t\t\t\t\t\t\t\t<div class=\"elementor-button-wrapper\">\n\t\t\t\t\t<a class=\"elementor-button elementor-button-link elementor-size-sm elementor-animation-bounce-in\" href=\"https:\/\/edycja.pl\/ksiazki\/duchowosc\/365-dni-w-rytmie-psalmow-1320011559.html\">\n\t\t\t\t\t\t<span class=\"elementor-button-content-wrapper\">\n\t\t\t\t\t\t<span class=\"elementor-button-icon\">\n\t\t\t\t<i aria-hidden=\"true\" class=\"auxicon2 auxicon2-arrow-chevron-med-right\"><\/i>\t\t\t<\/span>\n\t\t\t\t\t\t\t\t\t<span class=\"elementor-button-text\">Kup tutaj<\/span>\n\t\t\t\t\t<\/span>\n\t\t\t\t\t<\/a>\n\t\t\t\t<\/div>\n\t\t\t\t\t\t\t\t<\/div>\n\t\t\t\t<\/div>\n\t\t\t\t<\/div>\n\t\t\t\t\t<\/div>\n\t\t\t\t<\/div>\n\t\t<div class=\"aux-parallax-section elementor-element elementor-element-a36f8d3 e-flex e-con-boxed e-con e-parent\" data-id=\"a36f8d3\" data-element_type=\"container\" data-settings=\"{&quot;background_background&quot;:&quot;classic&quot;}\">\n\t\t\t\t\t<div class=\"e-con-inner\">\n\t\t\t\t<div class=\"elementor-element elementor-element-2b6ab3c elementor-widget elementor-widget-heading\" data-id=\"2b6ab3c\" data-element_type=\"widget\" data-widget_type=\"heading.default\">\n\t\t\t\t<div class=\"elementor-widget-container\">\n\t\t\t\t\t<h2 class=\"elementor-heading-title elementor-size-default\">S. Anna Maria Pude\u0142ko AP o ksi\u0105\u017cce<\/h2>\t\t\t\t<\/div>\n\t\t\t\t<\/div>\n\t\t\t\t<div class=\"elementor-element elementor-element-632d94b elementor-widget elementor-widget-image\" data-id=\"632d94b\" data-element_type=\"widget\" data-widget_type=\"image.default\">\n\t\t\t\t<div class=\"elementor-widget-container\">\n\t\t\t\t\t\t\t\t\t\t\t\t\t\t\t<img loading=\"lazy\" decoding=\"async\" width=\"183\" height=\"87\" src=\"https:\/\/psalmoterapia.pl\/wp-content\/uploads\/2025\/03\/sekcja_o_wspolnocie_cytat.png\" class=\"attachment-medium_large size-medium_large wp-image-2150\" alt=\"\" \/>\t\t\t\t\t\t\t\t\t\t\t\t\t\t\t<\/div>\n\t\t\t\t<\/div>\n\t\t\t\t<div class=\"elementor-element elementor-element-5e3ca61 elementor-widget elementor-widget-text-editor\" data-id=\"5e3ca61\" data-element_type=\"widget\" data-widget_type=\"text-editor.default\">\n\t\t\t\t<div class=\"elementor-widget-container\">\n\t\t\t\t\t\t\t\t\t<p>Zobacz!<\/p>\t\t\t\t\t\t\t\t<\/div>\n\t\t\t\t<\/div>\n\t\t\t\t<div class=\"elementor-element elementor-element-5a695c0 elementor-widget__width-initial elementor-widget elementor-widget-video\" data-id=\"5a695c0\" data-element_type=\"widget\" data-settings=\"{&quot;youtube_url&quot;:&quot;https:\\\/\\\/www.youtube.com\\\/watch?v=QrLeB20qlQc&quot;,&quot;video_type&quot;:&quot;youtube&quot;,&quot;controls&quot;:&quot;yes&quot;}\" data-widget_type=\"video.default\">\n\t\t\t\t<div class=\"elementor-widget-container\">\n\t\t\t\t\t\t\t<div class=\"elementor-wrapper elementor-open-inline\">\n\t\t\t<div class=\"elementor-video\"><\/div>\t\t<\/div>\n\t\t\t\t\t\t<\/div>\n\t\t\t\t<\/div>\n\t\t\t\t\t<\/div>\n\t\t\t\t<\/div>\n\t\t<div class=\"aux-parallax-section elementor-element elementor-element-658c92d e-flex e-con-boxed e-con e-parent\" data-id=\"658c92d\" data-element_type=\"container\" data-settings=\"{&quot;background_background&quot;:&quot;classic&quot;}\">\n\t\t\t\t\t<div class=\"e-con-inner\">\n\t\t\t\t<div class=\"elementor-element elementor-element-4d813c0 elementor-widget-mobile__width-initial elementor-widget__width-initial elementor-widget elementor-widget-aux_image\" data-id=\"4d813c0\" data-element_type=\"widget\" data-widget_type=\"aux_image.default\">\n\t\t\t\t<div class=\"elementor-widget-container\">\n\t\t\t\t\t<section class=\"widget-container aux-widget-image aux-alignnone aux-parent-auc9b5be63\">\n    <div class=\"aux-media-hint-frame \">\n        <div class=\"aux-media-image \" >\n        \n            \n\n            \n            <img loading=\"lazy\" decoding=\"async\" width=\"357\" height=\"94\" src=\"https:\/\/psalmoterapia.pl\/wp-content\/uploads\/2025\/03\/sekcja_zapisz_sie_do_wsponoty_grafika-1.png\" class=\"aux-attachment aux-featured-image aux-attachment-id-2019\" alt=\"sekcja_zapisz_sie_do_wsponoty_grafika\" srcset=\"https:\/\/psalmoterapia.pl\/wp-content\/uploads\/2025\/03\/sekcja_zapisz_sie_do_wsponoty_grafika-1-150x94.png 150w,https:\/\/psalmoterapia.pl\/wp-content\/uploads\/2025\/03\/sekcja_zapisz_sie_do_wsponoty_grafika-1-300x94.png 300w,https:\/\/psalmoterapia.pl\/wp-content\/uploads\/2025\/03\/sekcja_zapisz_sie_do_wsponoty_grafika-1.png 357w\" data-ratio=\"1\" data-original-w=\"357\" sizes=\"(max-width:479px) 480px,(max-width:767px) 768px,(max-width:1023px) 1024px,357px\" \/>            \n                <\/div>\n    <\/div>\n\n<\/section><!-- widget-container -->\t\t\t\t<\/div>\n\t\t\t\t<\/div>\n\t\t\t\t<div class=\"elementor-element elementor-element-16e895b elementor-widget elementor-widget-heading\" data-id=\"16e895b\" data-element_type=\"widget\" data-widget_type=\"heading.default\">\n\t\t\t\t<div class=\"elementor-widget-container\">\n\t\t\t\t\t<h2 class=\"elementor-heading-title elementor-size-default\">Zapisz si\u0119 do wsp\u00f3lnoty 1w1!<\/h2>\t\t\t\t<\/div>\n\t\t\t\t<\/div>\n\t\t\t\t<div class=\"elementor-element elementor-element-c9b0b94 elementor-widget elementor-widget-aux_modern_button\" data-id=\"c9b0b94\" data-element_type=\"widget\" data-widget_type=\"aux_modern_button.default\">\n\t\t\t\t<div class=\"elementor-widget-container\">\n\t\t\t\t\t    <div class=\"aux-modern-button-wrapper aux-modern-button-align-center\" >\n                    <a class=\"aux-modern-button aux-caution aux-modern-button-sm aux-modern-button-round aux-modern-button-default aux-icon-\" href=\"mailto:flowerpiotr@gmail.com\" target=\"_blank\">\n                <div class=\"aux-overlay\"><\/div>\n                                <div class=\"aux-text\">\n<span class=\"aux-text-highlighted\">Napisz! flowerpiotr@gmail.com<\/span>                <\/div>\n            <\/a>\n            \n    <\/div>\n\n    \t\t\t\t<\/div>\n\t\t\t\t<\/div>\n\t\t\t\t\t<\/div>\n\t\t\t\t<\/div>\n\t\t<div class=\"aux-parallax-section elementor-element elementor-element-c4eae5c e-flex e-con-boxed e-con e-parent\" data-id=\"c4eae5c\" data-element_type=\"container\" data-settings=\"{&quot;background_background&quot;:&quot;classic&quot;}\">\n\t\t\t\t\t<div class=\"e-con-inner\">\n\t\t\t\t<div class=\"elementor-element elementor-element-4c225a2 elementor-widget__width-inherit elementor-widget elementor-widget-heading\" data-id=\"4c225a2\" data-element_type=\"widget\" data-widget_type=\"heading.default\">\n\t\t\t\t<div class=\"elementor-widget-container\">\n\t\t\t\t\t<h2 class=\"elementor-heading-title elementor-size-default\">publkacje<\/h2>\t\t\t\t<\/div>\n\t\t\t\t<\/div>\n\t\t\t\t<div class=\"elementor-element elementor-element-eb21ce2 elementor-widget__width-inherit elementor-absolute elementor-widget elementor-widget-aux_image\" data-id=\"eb21ce2\" data-element_type=\"widget\" data-settings=\"{&quot;_position&quot;:&quot;absolute&quot;}\" data-widget_type=\"aux_image.default\">\n\t\t\t\t<div class=\"elementor-widget-container\">\n\t\t\t\t\t<section class=\"widget-container aux-widget-image aux-alignnone aux-parent-au09fc64df\">\n    <div class=\"aux-media-hint-frame \">\n        <div class=\"aux-media-image \" >\n        \n            \n\n            \n            <img loading=\"lazy\" decoding=\"async\" width=\"311\" height=\"88\" src=\"https:\/\/psalmoterapia.pl\/wp-content\/uploads\/2025\/03\/sekcja_publikacje_grafika.png\" class=\"aux-attachment aux-featured-image aux-attachment-id-1638\" alt=\"sekcja_publikacje_grafika\" srcset=\"https:\/\/psalmoterapia.pl\/wp-content\/uploads\/2025\/03\/sekcja_publikacje_grafika-150x88.png 150w,https:\/\/psalmoterapia.pl\/wp-content\/uploads\/2025\/03\/sekcja_publikacje_grafika-300x88.png 300w,https:\/\/psalmoterapia.pl\/wp-content\/uploads\/2025\/03\/sekcja_publikacje_grafika.png 311w\" data-ratio=\"1\" data-original-w=\"311\" sizes=\"(max-width:479px) 480px,(max-width:767px) 768px,(max-width:1023px) 1024px,311px\" \/>            \n                <\/div>\n    <\/div>\n\n<\/section><!-- widget-container -->\t\t\t\t<\/div>\n\t\t\t\t<\/div>\n\t\t\t\t<div class=\"elementor-element elementor-element-6e855e3 carousel-links elementor-arrows-position-inside elementor-widget elementor-widget-image-carousel\" data-id=\"6e855e3\" data-element_type=\"widget\" data-settings=\"{&quot;navigation&quot;:&quot;arrows&quot;,&quot;autoplay&quot;:&quot;yes&quot;,&quot;pause_on_hover&quot;:&quot;yes&quot;,&quot;pause_on_interaction&quot;:&quot;yes&quot;,&quot;autoplay_speed&quot;:5000,&quot;infinite&quot;:&quot;yes&quot;,&quot;speed&quot;:500}\" data-widget_type=\"image-carousel.default\">\n\t\t\t\t<div class=\"elementor-widget-container\">\n\t\t\t\t\t\t\t<div class=\"elementor-image-carousel-wrapper swiper\" role=\"region\" aria-roledescription=\"carousel\" aria-label=\"Publikacje\" dir=\"ltr\">\n\t\t\t<div class=\"elementor-image-carousel swiper-wrapper\" aria-live=\"off\">\n\t\t\t\t\t\t\t\t<div class=\"swiper-slide\" role=\"group\" aria-roledescription=\"slide\" aria-label=\"1 z 3\"><figure class=\"swiper-slide-inner\"><img decoding=\"async\" class=\"swiper-slide-image\" src=\"https:\/\/psalmoterapia.pl\/wp-content\/uploads\/2025\/03\/Zeszyt_do_psalmow_3D_Lezaca_2-2048x1636-1.png\" alt=\"zeszyt \u0107wicze\u0144 do psalm\u00f3w\" \/><\/figure><\/div><div class=\"swiper-slide\" role=\"group\" aria-roledescription=\"slide\" aria-label=\"2 z 3\"><figure class=\"swiper-slide-inner\"><img decoding=\"async\" class=\"swiper-slide-image\" src=\"https:\/\/psalmoterapia.pl\/wp-content\/uploads\/2025\/03\/Psalmoterapia_3D_Lezaca-2048x1636-3.png\" alt=\"Psalmoterapia\" \/><\/figure><\/div><div class=\"swiper-slide\" role=\"group\" aria-roledescription=\"slide\" aria-label=\"3 z 3\"><figure class=\"swiper-slide-inner\"><img decoding=\"async\" class=\"swiper-slide-image\" src=\"https:\/\/psalmoterapia.pl\/wp-content\/uploads\/2025\/03\/Ksiega_psalmow_3D_Lezaca_2-2048x1636-1.png\" alt=\"Ksi\u0119ga psalm\u00f3w\" \/><\/figure><\/div>\t\t\t<\/div>\n\t\t\t\t\t\t\t\t\t\t\t\t<div class=\"elementor-swiper-button elementor-swiper-button-prev\" role=\"button\" tabindex=\"0\">\n\t\t\t\t\t\t<svg aria-hidden=\"true\" class=\"e-font-icon-svg e-eicon-chevron-left\" viewBox=\"0 0 1000 1000\" xmlns=\"http:\/\/www.w3.org\/2000\/svg\"><path d=\"M646 125C629 125 613 133 604 142L308 442C296 454 292 471 292 487 292 504 296 521 308 533L604 854C617 867 629 875 646 875 663 875 679 871 692 858 704 846 713 829 713 812 713 796 708 779 692 767L438 487 692 225C700 217 708 204 708 187 708 171 704 154 692 142 675 129 663 125 646 125Z\"><\/path><\/svg>\t\t\t\t\t<\/div>\n\t\t\t\t\t<div class=\"elementor-swiper-button elementor-swiper-button-next\" role=\"button\" tabindex=\"0\">\n\t\t\t\t\t\t<svg aria-hidden=\"true\" class=\"e-font-icon-svg e-eicon-chevron-right\" viewBox=\"0 0 1000 1000\" xmlns=\"http:\/\/www.w3.org\/2000\/svg\"><path d=\"M696 533C708 521 713 504 713 487 713 471 708 454 696 446L400 146C388 133 375 125 354 125 338 125 325 129 313 142 300 154 292 171 292 187 292 204 296 221 308 233L563 492 304 771C292 783 288 800 288 817 288 833 296 850 308 863 321 871 338 875 354 875 371 875 388 867 400 854L696 533Z\"><\/path><\/svg>\t\t\t\t\t<\/div>\n\t\t\t\t\n\t\t\t\t\t\t\t\t\t<\/div>\n\t\t\t\t\t\t<\/div>\n\t\t\t\t<\/div>\n\t\t\t\t<div class=\"elementor-element elementor-element-559b6a8 elementor-widget elementor-widget-html\" data-id=\"559b6a8\" data-element_type=\"widget\" data-widget_type=\"html.default\">\n\t\t\t\t<div class=\"elementor-widget-container\">\n\t\t\t\t\t<style>.swiper-slide-image{cursor: pointer;} <\/style>\r\n\r\n\r\n\r\n<script>\r\n\r\ndocument.addEventListener('DOMContentLoaded', function () {\r\n\/* Edit the URL Links Here *\/\r\n\r\nlet links = [\r\n 'https:\/\/psalmoterapia.pl\/index.php\/zeszyt-cwiczen-do-psalmow\/',\r\n \r\n    'https:\/\/psalmoterapia.pl\/index.php\/psalmoterapia\/',\r\n\r\n    \r\n     'https:\/\/psalmoterapia.pl\/index.php\/ksiega-psalmow-z-notatnikem-i-skrutacja\/',\r\n\r\n\r\n\r\n];\r\n\r\n\r\n\r\ndocument.body.addEventListener('click', function (e) {\r\n\r\n    if (e.target.closest('.carousel-links .swiper-slide')){\r\n\r\n    let i = e.target.closest('.swiper-slide').getAttribute(\"data-swiper-slide-index\");\r\n\r\n    if (links[i] && links[i].length > 2){\r\n\r\n    window.open(links[i]);\r\n\r\n    }\r\n\r\n    }\r\n\r\n});\r\n\r\n});\r\n\r\n<\/script>\t\t\t\t<\/div>\n\t\t\t\t<\/div>\n\t\t\t\t\t<\/div>\n\t\t\t\t<\/div>\n\t\t\t\t<\/div>\n\t\t","protected":false},"excerpt":{"rendered":"<p>365 dni w rytmie psalm\u00f3w To codzienny pomocnik duchowy z fragmentem psalmu na ka\u017cdy dzie\u0144, z&nbsp;rozwa\u017caniem, a tak\u017ce miejscem na w\u0142asne refleksje czy post\u0119py duchowe. Wszystko ozdobione grafik\u0105, kt\u00f3ra powsta\u0142a specjalnie do tego wydania. Dowiedz si\u0119 wi\u0119cej o ksi\u0105\u017cce 365 dni w rytmie psalm\u00f3w Ca\u0142y rok z psalmami Czy ma\u0142a ksi\u0105\u017ceczka mo\u017ce da\u0107 ogromne poczucie [&hellip;]<\/p>\n","protected":false},"author":3,"featured_media":0,"parent":0,"menu_order":0,"comment_status":"closed","ping_status":"closed","template":"","meta":{"footnotes":""},"class_list":["post-780","page","type-page","status-publish","hentry"],"_links":{"self":[{"href":"https:\/\/psalmoterapia.pl\/index.php\/wp-json\/wp\/v2\/pages\/780","targetHints":{"allow":["GET"]}}],"collection":[{"href":"https:\/\/psalmoterapia.pl\/index.php\/wp-json\/wp\/v2\/pages"}],"about":[{"href":"https:\/\/psalmoterapia.pl\/index.php\/wp-json\/wp\/v2\/types\/page"}],"author":[{"embeddable":true,"href":"https:\/\/psalmoterapia.pl\/index.php\/wp-json\/wp\/v2\/users\/3"}],"replies":[{"embeddable":true,"href":"https:\/\/psalmoterapia.pl\/index.php\/wp-json\/wp\/v2\/comments?post=780"}],"version-history":[{"count":82,"href":"https:\/\/psalmoterapia.pl\/index.php\/wp-json\/wp\/v2\/pages\/780\/revisions"}],"predecessor-version":[{"id":2194,"href":"https:\/\/psalmoterapia.pl\/index.php\/wp-json\/wp\/v2\/pages\/780\/revisions\/2194"}],"wp:attachment":[{"href":"https:\/\/psalmoterapia.pl\/index.php\/wp-json\/wp\/v2\/media?parent=780"}],"curies":[{"name":"wp","href":"https:\/\/api.w.org\/{rel}","templated":true}]}}