{"id":823,"date":"2025-02-22T08:47:07","date_gmt":"2025-02-22T08:47:07","guid":{"rendered":"https:\/\/psalmoterapia.pl\/?page_id=823"},"modified":"2025-03-08T09:24:53","modified_gmt":"2025-03-08T09:24:53","slug":"ksiega-psalmow-z-notatnikem-i-skrutacja","status":"publish","type":"page","link":"https:\/\/psalmoterapia.pl\/index.php\/ksiega-psalmow-z-notatnikem-i-skrutacja\/","title":{"rendered":"Ksi\u0119ga psalm\u00f3w z notatnikem i skrutacj\u0105"},"content":{"rendered":"\t\t<div data-elementor-type=\"wp-page\" data-elementor-id=\"823\" class=\"elementor elementor-823\">\n\t\t\t\t<div class=\"aux-parallax-section elementor-element elementor-element-21bdec7 e-flex e-con-boxed e-con e-parent\" data-id=\"21bdec7\" data-element_type=\"container\" data-settings=\"{&quot;background_background&quot;:&quot;gradient&quot;}\">\n\t\t\t\t\t<div class=\"e-con-inner\">\n\t\t<div class=\"elementor-element elementor-element-caff4d3 e-con-full e-flex e-con e-child\" data-id=\"caff4d3\" data-element_type=\"container\">\n\t\t\t\t<div class=\"elementor-element elementor-element-e541541 elementor-widget__width-initial e-transform e-transform elementor-widget elementor-widget-image\" data-id=\"e541541\" data-element_type=\"widget\" data-settings=\"{&quot;_transform_translateX_effect&quot;:{&quot;unit&quot;:&quot;%&quot;,&quot;size&quot;:-15.5,&quot;sizes&quot;:[]},&quot;_transform_translateX_effect_tablet&quot;:{&quot;unit&quot;:&quot;%&quot;,&quot;size&quot;:&quot;&quot;,&quot;sizes&quot;:[]},&quot;_transform_translateX_effect_mobile&quot;:{&quot;unit&quot;:&quot;%&quot;,&quot;size&quot;:&quot;&quot;,&quot;sizes&quot;:[]},&quot;_transform_scale_effect&quot;:{&quot;unit&quot;:&quot;px&quot;,&quot;size&quot;:1.2,&quot;sizes&quot;:[]},&quot;_transform_translateY_effect&quot;:{&quot;unit&quot;:&quot;px&quot;,&quot;size&quot;:&quot;&quot;,&quot;sizes&quot;:[]},&quot;_transform_translateY_effect_tablet&quot;:{&quot;unit&quot;:&quot;px&quot;,&quot;size&quot;:&quot;&quot;,&quot;sizes&quot;:[]},&quot;_transform_translateY_effect_mobile&quot;:{&quot;unit&quot;:&quot;px&quot;,&quot;size&quot;:&quot;&quot;,&quot;sizes&quot;:[]},&quot;_transform_scale_effect_tablet&quot;:{&quot;unit&quot;:&quot;px&quot;,&quot;size&quot;:&quot;&quot;,&quot;sizes&quot;:[]},&quot;_transform_scale_effect_mobile&quot;:{&quot;unit&quot;:&quot;px&quot;,&quot;size&quot;:&quot;&quot;,&quot;sizes&quot;:[]}}\" data-widget_type=\"image.default\">\n\t\t\t\t<div class=\"elementor-widget-container\">\n\t\t\t\t\t\t\t\t\t\t\t\t\t\t\t<img fetchpriority=\"high\" decoding=\"async\" width=\"772\" height=\"643\" src=\"https:\/\/psalmoterapia.pl\/wp-content\/uploads\/2025\/03\/header_zdjecie_ksiega_psalmow.png\" class=\"attachment-full size-full wp-image-2204\" alt=\"\" \/>\t\t\t\t\t\t\t\t\t\t\t\t\t\t\t<\/div>\n\t\t\t\t<\/div>\n\t\t\t\t<\/div>\n\t\t<div class=\"elementor-element elementor-element-ee62ab8 e-con-full e-flex e-con e-child\" data-id=\"ee62ab8\" data-element_type=\"container\">\n\t\t\t\t<div class=\"elementor-element elementor-element-d28f87b elementor-widget elementor-widget-aux_image\" data-id=\"d28f87b\" data-element_type=\"widget\" data-widget_type=\"aux_image.default\">\n\t\t\t\t<div class=\"elementor-widget-container\">\n\t\t\t\t\t<section class=\"widget-container aux-widget-image aux-alignnone aux-parent-aue951864f\">\n    <div class=\"aux-media-hint-frame \">\n        <div class=\"aux-media-image \" >\n        \n            \n\n            \n            <img decoding=\"async\" width=\"134\" height=\"195\" src=\"https:\/\/psalmoterapia.pl\/wp-content\/uploads\/2025\/03\/header_grafika.png\" class=\"aux-attachment aux-featured-image aux-attachment-id-1636\" alt=\"header_grafika\" data-ratio=\"1\" data-original-w=\"134\" sizes=\"(max-width:479px) 480px,(max-width:767px) 768px,(max-width:1023px) 1024px,134px\" \/>            \n                <\/div>\n    <\/div>\n\n<\/section><!-- widget-container -->\t\t\t\t<\/div>\n\t\t\t\t<\/div>\n\t\t\t\t<div class=\"elementor-element elementor-element-4245c6f elementor-widget elementor-widget-aux_modern_heading\" data-id=\"4245c6f\" data-element_type=\"widget\" data-widget_type=\"aux_modern_heading.default\">\n\t\t\t\t<div class=\"elementor-widget-container\">\n\t\t\t\t\t<section class=\"aux-widget-modern-heading\">\n            <div class=\"aux-widget-inner\"><h2 class=\"aux-modern-heading-primary\">Ksi\u0119ga Psalm\u00f3w<\/h2><h3 class=\"aux-modern-heading-secondary\"><span class=\"aux-head-before\">z notatnikiem i skrutacj\u0105<\/span><\/h3><div class=\"aux-modern-heading-divider\"><\/div><div class=\"aux-modern-heading-description\"><h5>Si\u0119gnij po wyj\u0105tkow\u0105 Ksi\u0119g\u0119 Psalm\u00f3w, wzbogacon\u0105 o&nbsp;liczne odno\u015bniki biblijne i&nbsp;miejsce na w\u0142asne notatki przy ka\u017cdym wersie. Taka forma pozwoli Ci wnikliwie i&nbsp;kreatywnie czyta\u0107 S\u0142owo Bo\u017ce.<\/h5><\/div><\/div>\n        <\/section>\t\t\t\t<\/div>\n\t\t\t\t<\/div>\n\t\t\t\t<div class=\"elementor-element elementor-element-95ca760 elementor-widget__width-initial elementor-widget elementor-widget-aux_modern_button\" data-id=\"95ca760\" data-element_type=\"widget\" data-widget_type=\"aux_modern_button.default\">\n\t\t\t\t<div class=\"elementor-widget-container\">\n\t\t\t\t\t    <div class=\"aux-modern-button-wrapper aux-modern-button-align-center\" >\n                    <a class=\"aux-modern-button aux-black aux-modern-button-md aux-modern-button-curve aux-modern-button-default aux-icon-right\" href=\"#o-ksiazce\" target=\"_blank\">\n                <div class=\"aux-overlay\"><\/div>\n                                    <div class=\"aux-icon \">\n                        <i aria-hidden=\"true\" class=\"auxicon2 auxicon2-arrow-chevron-fat-down\"><\/i>                    <\/div>\n                                <div class=\"aux-text\">\n<span class=\"aux-text-before\">Dowiedz si\u0119 wi\u0119cej o ksi\u0105\u017cce<\/span>                <\/div>\n            <\/a>\n            \n    <\/div>\n\n    \t\t\t\t<\/div>\n\t\t\t\t<\/div>\n\t\t\t\t<\/div>\n\t\t\t\t\t<\/div>\n\t\t\t\t<\/div>\n\t\t<div class=\"aux-parallax-section elementor-element elementor-element-f2c69e7 e-flex e-con-boxed e-con e-parent\" data-id=\"f2c69e7\" data-element_type=\"container\" data-settings=\"{&quot;background_background&quot;:&quot;classic&quot;}\">\n\t\t\t\t\t<div class=\"e-con-inner\">\n\t\t<div class=\"elementor-element elementor-element-78dbf9a e-con-full e-flex e-con e-child\" data-id=\"78dbf9a\" data-element_type=\"container\">\n\t\t\t\t<div class=\"elementor-element elementor-element-27f0535 elementor-widget elementor-widget-menu-anchor\" data-id=\"27f0535\" data-element_type=\"widget\" data-widget_type=\"menu-anchor.default\">\n\t\t\t\t<div class=\"elementor-widget-container\">\n\t\t\t\t\t\t\t<div class=\"elementor-menu-anchor\" id=\"o-ksiazce\"><\/div>\n\t\t\t\t\t\t<\/div>\n\t\t\t\t<\/div>\n\t\t\t\t<div class=\"elementor-element elementor-element-a5664ff animated-slow e-transform elementor-invisible elementor-widget elementor-widget-image\" data-id=\"a5664ff\" data-element_type=\"widget\" data-settings=\"{&quot;_animation&quot;:&quot;rotateInDownLeft&quot;,&quot;_animation_delay&quot;:0,&quot;_transform_rotateZ_effect&quot;:{&quot;unit&quot;:&quot;px&quot;,&quot;size&quot;:-5,&quot;sizes&quot;:[]},&quot;_transform_rotateZ_effect_tablet&quot;:{&quot;unit&quot;:&quot;deg&quot;,&quot;size&quot;:&quot;&quot;,&quot;sizes&quot;:[]},&quot;_transform_rotateZ_effect_mobile&quot;:{&quot;unit&quot;:&quot;deg&quot;,&quot;size&quot;:&quot;&quot;,&quot;sizes&quot;:[]}}\" data-widget_type=\"image.default\">\n\t\t\t\t<div class=\"elementor-widget-container\">\n\t\t\t\t\t\t\t\t\t\t\t\t\t\t\t<img decoding=\"async\" width=\"1024\" height=\"1024\" src=\"https:\/\/psalmoterapia.pl\/wp-content\/uploads\/2025\/03\/Ksiega_psalmow_3D_Lezaca_2-1536x1227-2-1024x1024.png\" class=\"attachment-large size-large wp-image-2251\" alt=\"\" srcset=\"https:\/\/psalmoterapia.pl\/wp-content\/uploads\/2025\/03\/Ksiega_psalmow_3D_Lezaca_2-1536x1227-2-1024x1024.png 1024w, https:\/\/psalmoterapia.pl\/wp-content\/uploads\/2025\/03\/Ksiega_psalmow_3D_Lezaca_2-1536x1227-2-300x300.png 300w, https:\/\/psalmoterapia.pl\/wp-content\/uploads\/2025\/03\/Ksiega_psalmow_3D_Lezaca_2-1536x1227-2-150x150.png 150w, https:\/\/psalmoterapia.pl\/wp-content\/uploads\/2025\/03\/Ksiega_psalmow_3D_Lezaca_2-1536x1227-2-768x768.png 768w\" sizes=\"(max-width: 1024px) 100vw, 1024px\" \/>\t\t\t\t\t\t\t\t\t\t\t\t\t\t\t<\/div>\n\t\t\t\t<\/div>\n\t\t\t\t<\/div>\n\t\t<div class=\"elementor-element elementor-element-bd8adc7 e-con-full e-flex e-con e-child\" data-id=\"bd8adc7\" data-element_type=\"container\">\n\t\t\t\t<div class=\"elementor-element elementor-element-d6173b9 elementor-widget elementor-widget-heading\" data-id=\"d6173b9\" data-element_type=\"widget\" data-widget_type=\"heading.default\">\n\t\t\t\t<div class=\"elementor-widget-container\">\n\t\t\t\t\t<h1 class=\"elementor-heading-title elementor-size-default\">Ksi\u0119ga Psalm\u00f3w\nz notatnikiem i skrutacj\u0105<\/h1>\t\t\t\t<\/div>\n\t\t\t\t<\/div>\n\t\t\t\t<div class=\"elementor-element elementor-element-34f916b elementor-widget__width-initial elementor-widget elementor-widget-text-editor\" data-id=\"34f916b\" data-element_type=\"widget\" data-widget_type=\"text-editor.default\">\n\t\t\t\t<div class=\"elementor-widget-container\">\n\t\t\t\t\t\t\t\t\t<p><strong>Niecodzienne wydanie Ksi\u0119gi Psalm\u00f3w<\/strong><\/p><p>Lubisz czyta\u0107 Psalmy i rozwa\u017ca\u0107 ich tre\u015b\u0107? Si\u0119gnij po wyj\u0105tkow\u0105 Ksi\u0119g\u0119 Psalm\u00f3w, wzbogacon\u0105 o liczne odno\u015bniki biblijne i miejsce na w\u0142asne notatki przy ka\u017cdym wersie. Taka forma pozwoli Ci wnikliwie i kreatywnie czyta\u0107 S\u0142owo Bo\u017ce. Dodatkowy atut to por\u0119czny format &#8211; 17,50 cm x 19,50 cm.<\/p><p><strong>Skrutacja<\/strong><\/p><p>To wydanie Ksi\u0119gi Psalm\u00f3w przygotowano z my\u015bl\u0105 o skrutacji &#8211; specjalnej metodzie czytania i medytowania Pisma \u015awi\u0119tego, polegaj\u0105cej na czytaniu \u201cod wersetu do wersetu\u201d z wykorzystaniem licznych odno\u015bnik\u00f3w biblijnych. W tym wydaniu znajdziesz znacznie wi\u0119cej odno\u015bnik\u00f3w, ni\u017c w jakiejkolwiek innej Biblii.<\/p><p>Pozw\u00f3l S\u0142owu Bo\u017cemu poprowadzi\u0107 si\u0119 przez odno\u015bniki biblijne i odkryj obecno\u015b\u0107 Boga w swojej codzienno\u015bci!<\/p>\t\t\t\t\t\t\t\t<\/div>\n\t\t\t\t<\/div>\n\t\t\t\t<div class=\"elementor-element elementor-element-f449482 elementor-widget elementor-widget-button\" data-id=\"f449482\" data-element_type=\"widget\" data-widget_type=\"button.default\">\n\t\t\t\t<div class=\"elementor-widget-container\">\n\t\t\t\t\t\t\t\t\t<div class=\"elementor-button-wrapper\">\n\t\t\t\t\t<a class=\"elementor-button elementor-button-link elementor-size-sm elementor-animation-bounce-in\" href=\"https:\/\/edycja.pl\/pismo-swiete\/komentarze\/wokol-biblii\/ksiega-psalmow-z-notatnikiem-i-skrutacja-1320200123.html\">\n\t\t\t\t\t\t<span class=\"elementor-button-content-wrapper\">\n\t\t\t\t\t\t<span class=\"elementor-button-icon\">\n\t\t\t\t<i aria-hidden=\"true\" class=\"auxicon2 auxicon2-arrow-chevron-med-right\"><\/i>\t\t\t<\/span>\n\t\t\t\t\t\t\t\t\t<span class=\"elementor-button-text\">Kup tutaj<\/span>\n\t\t\t\t\t<\/span>\n\t\t\t\t\t<\/a>\n\t\t\t\t<\/div>\n\t\t\t\t\t\t\t\t<\/div>\n\t\t\t\t<\/div>\n\t\t\t\t<\/div>\n\t\t\t\t\t<\/div>\n\t\t\t\t<\/div>\n\t\t<div class=\"aux-parallax-section elementor-element elementor-element-511b982 e-flex e-con-boxed e-con e-parent\" data-id=\"511b982\" data-element_type=\"container\" data-settings=\"{&quot;background_background&quot;:&quot;classic&quot;}\">\n\t\t\t\t\t<div class=\"e-con-inner\">\n\t\t\t\t<div class=\"elementor-element elementor-element-c841e6b elementor-widget elementor-widget-heading\" data-id=\"c841e6b\" data-element_type=\"widget\" data-widget_type=\"heading.default\">\n\t\t\t\t<div class=\"elementor-widget-container\">\n\t\t\t\t\t<h2 class=\"elementor-heading-title elementor-size-default\">Czym jest skrutacja?<\/h2>\t\t\t\t<\/div>\n\t\t\t\t<\/div>\n\t\t\t\t<div class=\"elementor-element elementor-element-4f89b9a elementor-widget elementor-widget-image\" data-id=\"4f89b9a\" data-element_type=\"widget\" data-widget_type=\"image.default\">\n\t\t\t\t<div class=\"elementor-widget-container\">\n\t\t\t\t\t\t\t\t\t\t\t\t\t\t\t<img loading=\"lazy\" decoding=\"async\" width=\"350\" height=\"210\" src=\"https:\/\/psalmoterapia.pl\/wp-content\/uploads\/2025\/03\/sekcja_recenzje_grafika.png\" class=\"attachment-medium_large size-medium_large wp-image-1639\" alt=\"\" \/>\t\t\t\t\t\t\t\t\t\t\t\t\t\t\t<\/div>\n\t\t\t\t<\/div>\n\t\t\t\t<div class=\"elementor-element elementor-element-8409bdb elementor-widget__width-initial elementor-widget elementor-widget-video\" data-id=\"8409bdb\" data-element_type=\"widget\" data-settings=\"{&quot;youtube_url&quot;:&quot;https:\\\/\\\/www.youtube.com\\\/watch?v=7HeyiBk2rLk&quot;,&quot;video_type&quot;:&quot;youtube&quot;,&quot;controls&quot;:&quot;yes&quot;}\" data-widget_type=\"video.default\">\n\t\t\t\t<div class=\"elementor-widget-container\">\n\t\t\t\t\t\t\t<div class=\"elementor-wrapper elementor-open-inline\">\n\t\t\t<div class=\"elementor-video\"><\/div>\t\t<\/div>\n\t\t\t\t\t\t<\/div>\n\t\t\t\t<\/div>\n\t\t\t\t\t<\/div>\n\t\t\t\t<\/div>\n\t\t<div class=\"aux-parallax-section elementor-element elementor-element-f8c2dd1 e-flex e-con-boxed e-con e-parent\" data-id=\"f8c2dd1\" data-element_type=\"container\" data-settings=\"{&quot;background_background&quot;:&quot;classic&quot;}\">\n\t\t\t\t\t<div class=\"e-con-inner\">\n\t\t\t\t<div class=\"elementor-element elementor-element-78bdd4e elementor-widget-mobile__width-initial elementor-widget__width-initial elementor-widget elementor-widget-aux_image\" data-id=\"78bdd4e\" data-element_type=\"widget\" data-widget_type=\"aux_image.default\">\n\t\t\t\t<div class=\"elementor-widget-container\">\n\t\t\t\t\t<section class=\"widget-container aux-widget-image aux-alignnone aux-parent-auce4a1099\">\n    <div class=\"aux-media-hint-frame \">\n        <div class=\"aux-media-image \" >\n        \n            \n\n            \n            <img loading=\"lazy\" decoding=\"async\" width=\"357\" height=\"94\" src=\"https:\/\/psalmoterapia.pl\/wp-content\/uploads\/2025\/03\/sekcja_zapisz_sie_do_wsponoty_grafika-1.png\" class=\"aux-attachment aux-featured-image aux-attachment-id-2019\" alt=\"sekcja_zapisz_sie_do_wsponoty_grafika\" srcset=\"https:\/\/psalmoterapia.pl\/wp-content\/uploads\/2025\/03\/sekcja_zapisz_sie_do_wsponoty_grafika-1-150x94.png 150w,https:\/\/psalmoterapia.pl\/wp-content\/uploads\/2025\/03\/sekcja_zapisz_sie_do_wsponoty_grafika-1-300x94.png 300w,https:\/\/psalmoterapia.pl\/wp-content\/uploads\/2025\/03\/sekcja_zapisz_sie_do_wsponoty_grafika-1.png 357w\" data-ratio=\"1\" data-original-w=\"357\" sizes=\"(max-width:479px) 480px,(max-width:767px) 768px,(max-width:1023px) 1024px,357px\" \/>            \n                <\/div>\n    <\/div>\n\n<\/section><!-- widget-container -->\t\t\t\t<\/div>\n\t\t\t\t<\/div>\n\t\t\t\t<div class=\"elementor-element elementor-element-a650d24 elementor-widget elementor-widget-heading\" data-id=\"a650d24\" data-element_type=\"widget\" data-widget_type=\"heading.default\">\n\t\t\t\t<div class=\"elementor-widget-container\">\n\t\t\t\t\t<h2 class=\"elementor-heading-title elementor-size-default\">Zapisz si\u0119 do wsp\u00f3lnoty 1w1!<\/h2>\t\t\t\t<\/div>\n\t\t\t\t<\/div>\n\t\t\t\t<div class=\"elementor-element elementor-element-08a459a elementor-widget elementor-widget-aux_modern_button\" data-id=\"08a459a\" data-element_type=\"widget\" data-widget_type=\"aux_modern_button.default\">\n\t\t\t\t<div class=\"elementor-widget-container\">\n\t\t\t\t\t    <div class=\"aux-modern-button-wrapper aux-modern-button-align-center\" >\n                    <a class=\"aux-modern-button aux-caution aux-modern-button-sm aux-modern-button-round aux-modern-button-default aux-icon-\" href=\"mailto:flowerpiotr@gmail.com\" target=\"_blank\">\n                <div class=\"aux-overlay\"><\/div>\n                                <div class=\"aux-text\">\n<span class=\"aux-text-highlighted\">Napisz! flowerpiotr@gmail.com<\/span>                <\/div>\n            <\/a>\n            \n    <\/div>\n\n    \t\t\t\t<\/div>\n\t\t\t\t<\/div>\n\t\t\t\t\t<\/div>\n\t\t\t\t<\/div>\n\t\t<div class=\"aux-parallax-section elementor-element elementor-element-d4e3c8a e-flex e-con-boxed e-con e-parent\" data-id=\"d4e3c8a\" data-element_type=\"container\" data-settings=\"{&quot;background_background&quot;:&quot;classic&quot;}\">\n\t\t\t\t\t<div class=\"e-con-inner\">\n\t\t\t\t<div class=\"elementor-element elementor-element-04f1bab elementor-widget__width-inherit elementor-widget elementor-widget-heading\" data-id=\"04f1bab\" data-element_type=\"widget\" data-widget_type=\"heading.default\">\n\t\t\t\t<div class=\"elementor-widget-container\">\n\t\t\t\t\t<h2 class=\"elementor-heading-title elementor-size-default\">publkacje<\/h2>\t\t\t\t<\/div>\n\t\t\t\t<\/div>\n\t\t\t\t<div class=\"elementor-element elementor-element-f6fe244 elementor-widget__width-inherit elementor-absolute elementor-widget elementor-widget-aux_image\" data-id=\"f6fe244\" data-element_type=\"widget\" data-settings=\"{&quot;_position&quot;:&quot;absolute&quot;}\" data-widget_type=\"aux_image.default\">\n\t\t\t\t<div class=\"elementor-widget-container\">\n\t\t\t\t\t<section class=\"widget-container aux-widget-image aux-alignnone aux-parent-au4cb8d420\">\n    <div class=\"aux-media-hint-frame \">\n        <div class=\"aux-media-image \" >\n        \n            \n\n            \n            <img loading=\"lazy\" decoding=\"async\" width=\"311\" height=\"88\" src=\"https:\/\/psalmoterapia.pl\/wp-content\/uploads\/2025\/03\/sekcja_publikacje_grafika.png\" class=\"aux-attachment aux-featured-image aux-attachment-id-1638\" alt=\"sekcja_publikacje_grafika\" srcset=\"https:\/\/psalmoterapia.pl\/wp-content\/uploads\/2025\/03\/sekcja_publikacje_grafika-150x88.png 150w,https:\/\/psalmoterapia.pl\/wp-content\/uploads\/2025\/03\/sekcja_publikacje_grafika-300x88.png 300w,https:\/\/psalmoterapia.pl\/wp-content\/uploads\/2025\/03\/sekcja_publikacje_grafika.png 311w\" data-ratio=\"1\" data-original-w=\"311\" sizes=\"(max-width:479px) 480px,(max-width:767px) 768px,(max-width:1023px) 1024px,311px\" \/>            \n                <\/div>\n    <\/div>\n\n<\/section><!-- widget-container -->\t\t\t\t<\/div>\n\t\t\t\t<\/div>\n\t\t\t\t<div class=\"elementor-element elementor-element-857a2ae carousel-links elementor-arrows-position-inside elementor-widget elementor-widget-image-carousel\" data-id=\"857a2ae\" data-element_type=\"widget\" data-settings=\"{&quot;navigation&quot;:&quot;arrows&quot;,&quot;autoplay&quot;:&quot;yes&quot;,&quot;pause_on_hover&quot;:&quot;yes&quot;,&quot;pause_on_interaction&quot;:&quot;yes&quot;,&quot;autoplay_speed&quot;:5000,&quot;infinite&quot;:&quot;yes&quot;,&quot;speed&quot;:500}\" data-widget_type=\"image-carousel.default\">\n\t\t\t\t<div class=\"elementor-widget-container\">\n\t\t\t\t\t\t\t<div class=\"elementor-image-carousel-wrapper swiper\" role=\"region\" aria-roledescription=\"carousel\" aria-label=\"Publikacje\" dir=\"ltr\">\n\t\t\t<div class=\"elementor-image-carousel swiper-wrapper\" aria-live=\"off\">\n\t\t\t\t\t\t\t\t<div class=\"swiper-slide\" role=\"group\" aria-roledescription=\"slide\" aria-label=\"1 z 3\"><figure class=\"swiper-slide-inner\"><img decoding=\"async\" class=\"swiper-slide-image\" src=\"https:\/\/psalmoterapia.pl\/wp-content\/uploads\/2025\/03\/365_3D_Lezaca-2048x1636-1.png\" alt=\"365 dni w rytmie psalm\u00f3w\" \/><\/figure><\/div><div class=\"swiper-slide\" role=\"group\" aria-roledescription=\"slide\" aria-label=\"2 z 3\"><figure class=\"swiper-slide-inner\"><img decoding=\"async\" class=\"swiper-slide-image\" src=\"https:\/\/psalmoterapia.pl\/wp-content\/uploads\/2025\/03\/Zeszyt_do_psalmow_3D_Lezaca_2-2048x1636-1.png\" alt=\"zeszyt \u0107wicze\u0144 do psalm\u00f3w\" \/><\/figure><\/div><div class=\"swiper-slide\" role=\"group\" aria-roledescription=\"slide\" aria-label=\"3 z 3\"><figure class=\"swiper-slide-inner\"><img decoding=\"async\" class=\"swiper-slide-image\" src=\"https:\/\/psalmoterapia.pl\/wp-content\/uploads\/2025\/03\/Psalmoterapia_3D_Lezaca-2048x1636-3.png\" alt=\"Psalmoterapia\" \/><\/figure><\/div>\t\t\t<\/div>\n\t\t\t\t\t\t\t\t\t\t\t\t<div class=\"elementor-swiper-button elementor-swiper-button-prev\" role=\"button\" tabindex=\"0\">\n\t\t\t\t\t\t<svg aria-hidden=\"true\" class=\"e-font-icon-svg e-eicon-chevron-left\" viewBox=\"0 0 1000 1000\" xmlns=\"http:\/\/www.w3.org\/2000\/svg\"><path d=\"M646 125C629 125 613 133 604 142L308 442C296 454 292 471 292 487 292 504 296 521 308 533L604 854C617 867 629 875 646 875 663 875 679 871 692 858 704 846 713 829 713 812 713 796 708 779 692 767L438 487 692 225C700 217 708 204 708 187 708 171 704 154 692 142 675 129 663 125 646 125Z\"><\/path><\/svg>\t\t\t\t\t<\/div>\n\t\t\t\t\t<div class=\"elementor-swiper-button elementor-swiper-button-next\" role=\"button\" tabindex=\"0\">\n\t\t\t\t\t\t<svg aria-hidden=\"true\" class=\"e-font-icon-svg e-eicon-chevron-right\" viewBox=\"0 0 1000 1000\" xmlns=\"http:\/\/www.w3.org\/2000\/svg\"><path d=\"M696 533C708 521 713 504 713 487 713 471 708 454 696 446L400 146C388 133 375 125 354 125 338 125 325 129 313 142 300 154 292 171 292 187 292 204 296 221 308 233L563 492 304 771C292 783 288 800 288 817 288 833 296 850 308 863 321 871 338 875 354 875 371 875 388 867 400 854L696 533Z\"><\/path><\/svg>\t\t\t\t\t<\/div>\n\t\t\t\t\n\t\t\t\t\t\t\t\t\t<\/div>\n\t\t\t\t\t\t<\/div>\n\t\t\t\t<\/div>\n\t\t\t\t<div class=\"elementor-element elementor-element-cb50d17 elementor-widget elementor-widget-html\" data-id=\"cb50d17\" data-element_type=\"widget\" data-widget_type=\"html.default\">\n\t\t\t\t<div class=\"elementor-widget-container\">\n\t\t\t\t\t<style>.swiper-slide-image{cursor: pointer;} <\/style>\r\n\r\n\r\n\r\n<script>\r\n\r\ndocument.addEventListener('DOMContentLoaded', function () {\r\n\/* Edit the URL Links Here *\/\r\n\r\nlet links = [\r\n\r\n    'https:\/\/psalmoterapia.pl\/index.php\/365-dni-w-rytmie-psalmow\/',\r\n\r\n  \r\n\r\n    'https:\/\/psalmoterapia.pl\/index.php\/zeszyt-cwiczen-do-psalmow\/',\r\n    \r\n     'https:\/\/psalmoterapia.pl\/index.php\/psalmoterapia\/',\r\n\r\n\r\n\r\n];\r\n\r\n\r\n\r\ndocument.body.addEventListener('click', function (e) {\r\n\r\n    if (e.target.closest('.carousel-links .swiper-slide')){\r\n\r\n    let i = e.target.closest('.swiper-slide').getAttribute(\"data-swiper-slide-index\");\r\n\r\n    if (links[i] && links[i].length > 2){\r\n\r\n    window.open(links[i]);\r\n\r\n    }\r\n\r\n    }\r\n\r\n});\r\n\r\n});\r\n\r\n<\/script>\t\t\t\t<\/div>\n\t\t\t\t<\/div>\n\t\t\t\t\t<\/div>\n\t\t\t\t<\/div>\n\t\t\t\t<\/div>\n\t\t","protected":false},"excerpt":{"rendered":"<p>Ksi\u0119ga Psalm\u00f3w z notatnikiem i skrutacj\u0105 Si\u0119gnij po wyj\u0105tkow\u0105 Ksi\u0119g\u0119 Psalm\u00f3w, wzbogacon\u0105 o&nbsp;liczne odno\u015bniki biblijne i&nbsp;miejsce na w\u0142asne notatki przy ka\u017cdym wersie. Taka forma pozwoli Ci wnikliwie i&nbsp;kreatywnie czyta\u0107 S\u0142owo Bo\u017ce. Dowiedz si\u0119 wi\u0119cej o ksi\u0105\u017cce Ksi\u0119ga Psalm\u00f3w z notatnikiem i skrutacj\u0105 Niecodzienne wydanie Ksi\u0119gi Psalm\u00f3w Lubisz czyta\u0107 Psalmy i rozwa\u017ca\u0107 ich tre\u015b\u0107? Si\u0119gnij po [&hellip;]<\/p>\n","protected":false},"author":3,"featured_media":0,"parent":0,"menu_order":0,"comment_status":"closed","ping_status":"closed","template":"","meta":{"footnotes":""},"class_list":["post-823","page","type-page","status-publish","hentry"],"_links":{"self":[{"href":"https:\/\/psalmoterapia.pl\/index.php\/wp-json\/wp\/v2\/pages\/823","targetHints":{"allow":["GET"]}}],"collection":[{"href":"https:\/\/psalmoterapia.pl\/index.php\/wp-json\/wp\/v2\/pages"}],"about":[{"href":"https:\/\/psalmoterapia.pl\/index.php\/wp-json\/wp\/v2\/types\/page"}],"author":[{"embeddable":true,"href":"https:\/\/psalmoterapia.pl\/index.php\/wp-json\/wp\/v2\/users\/3"}],"replies":[{"embeddable":true,"href":"https:\/\/psalmoterapia.pl\/index.php\/wp-json\/wp\/v2\/comments?post=823"}],"version-history":[{"count":91,"href":"https:\/\/psalmoterapia.pl\/index.php\/wp-json\/wp\/v2\/pages\/823\/revisions"}],"predecessor-version":[{"id":2319,"href":"https:\/\/psalmoterapia.pl\/index.php\/wp-json\/wp\/v2\/pages\/823\/revisions\/2319"}],"wp:attachment":[{"href":"https:\/\/psalmoterapia.pl\/index.php\/wp-json\/wp\/v2\/media?parent=823"}],"curies":[{"name":"wp","href":"https:\/\/api.w.org\/{rel}","templated":true}]}}